{"id":22,"date":"2017-03-30T19:44:02","date_gmt":"2017-03-30T19:44:02","guid":{"rendered":"http:\/\/trbutiken.se\/?page_id=22"},"modified":"2023-04-24T14:09:24","modified_gmt":"2023-04-24T14:09:24","slug":"gymleco","status":"publish","type":"page","link":"https:\/\/trbutiken.se\/?page_id=22","title":{"rendered":"Gymleco"},"content":{"rendered":"<div data-html-editor-font-wrapper=\"true\">\n<div style=\"font-size: 13px; font-family: arial, sans-serif;\">Vi \u00e4r leverant\u00f6rer av Gymleco tr\u00e4ningsutrustning som \u00e4r ett Svenskt fabrikat av mycket h\u00f6g kvalitet som b\u00e5de passar till f\u00f6retag och det kommersiella gymmet.<br \/>\nMaskinerna har alltid varit k\u00e4nda bland klubbar som de mest h\u00e5llbara garantim\u00e4ssigt med livstids garanti p\u00e5 ramar och svetsar och 10 \u00e5r p\u00e5 r\u00f6rliga delar<br \/>\nMaskinerna \u00e4r utvecklade av de som tr\u00e4nar, med m\u00e5lgrupp till de som vill ha resultat med sin tr\u00e4ning. G\u00e5 g\u00e4rna in p\u00e5 Gymleco.se och se det store utbudet.<\/div>\n<div><\/div>\n<div style=\"font-size: 13px; font-family: arial, sans-serif;\"><img decoding=\"async\" loading=\"lazy\" class=\"alignnone wp-image-92\" src=\"http:\/\/trbutiken.se\/wp-content\/uploads\/2017\/04\/G330-Axelpress-300x300.png\" alt=\"\" width=\"300\" height=\"300\" srcset=\"https:\/\/trbutiken.se\/wp-content\/uploads\/2017\/04\/G330-Axelpress-300x300.png 300w, https:\/\/trbutiken.se\/wp-content\/uploads\/2017\/04\/G330-Axelpress-150x150.png 150w, https:\/\/trbutiken.se\/wp-content\/uploads\/2017\/04\/G330-Axelpress-230x230.png 230w, https:\/\/trbutiken.se\/wp-content\/uploads\/2017\/04\/G330-Axelpress-365x365.png 365w, https:\/\/trbutiken.se\/wp-content\/uploads\/2017\/04\/G330-Axelpress.png 400w\" sizes=\"(max-width: 300px) 100vw, 300px\" \/> <img decoding=\"async\" loading=\"lazy\" class=\"alignnone size-medium wp-image-91\" src=\"http:\/\/trbutiken.se\/wp-content\/uploads\/2017\/04\/G243-Benpress-300x300.png\" alt=\"\" width=\"300\" height=\"300\" srcset=\"https:\/\/trbutiken.se\/wp-content\/uploads\/2017\/04\/G243-Benpress-300x300.png 300w, https:\/\/trbutiken.se\/wp-content\/uploads\/2017\/04\/G243-Benpress-150x150.png 150w, https:\/\/trbutiken.se\/wp-content\/uploads\/2017\/04\/G243-Benpress-230x230.png 230w, https:\/\/trbutiken.se\/wp-content\/uploads\/2017\/04\/G243-Benpress-365x365.png 365w, https:\/\/trbutiken.se\/wp-content\/uploads\/2017\/04\/G243-Benpress.png 400w\" sizes=\"(max-width: 300px) 100vw, 300px\" \/> <img decoding=\"async\" loading=\"lazy\" class=\"alignnone size-medium wp-image-90\" src=\"http:\/\/trbutiken.se\/wp-content\/uploads\/2017\/04\/G215-Fyrstation-300x300.png\" alt=\"\" width=\"300\" height=\"300\" srcset=\"https:\/\/trbutiken.se\/wp-content\/uploads\/2017\/04\/G215-Fyrstation-300x300.png 300w, https:\/\/trbutiken.se\/wp-content\/uploads\/2017\/04\/G215-Fyrstation-150x150.png 150w, https:\/\/trbutiken.se\/wp-content\/uploads\/2017\/04\/G215-Fyrstation-230x230.png 230w, https:\/\/trbutiken.se\/wp-content\/uploads\/2017\/04\/G215-Fyrstation-365x365.png 365w, https:\/\/trbutiken.se\/wp-content\/uploads\/2017\/04\/G215-Fyrstation.png 400w\" sizes=\"(max-width: 300px) 100vw, 300px\" \/><\/div>\n<\/div>\n","protected":false},"excerpt":{"rendered":"<p>Vi \u00e4r leverant\u00f6rer av Gymleco tr\u00e4ningsutrustning som \u00e4r ett Svenskt fabrikat av mycket h\u00f6g kvalitet som b\u00e5de passar till f\u00f6retag och det kommersiella gymmet. Maskinerna har alltid varit k\u00e4nda bland klubbar som de mest h\u00e5llbara garantim\u00e4ssigt med livstids garanti p\u00e5<\/p>\n","protected":false},"author":1,"featured_media":10,"parent":0,"menu_order":0,"comment_status":"closed","ping_status":"closed","template":"","meta":[],"_links":{"self":[{"href":"https:\/\/trbutiken.se\/index.php?rest_route=\/wp\/v2\/pages\/22"}],"collection":[{"href":"https:\/\/trbutiken.se\/index.php?rest_route=\/wp\/v2\/pages"}],"about":[{"href":"https:\/\/trbutiken.se\/index.php?rest_route=\/wp\/v2\/types\/page"}],"author":[{"embeddable":true,"href":"https:\/\/trbutiken.se\/index.php?rest_route=\/wp\/v2\/users\/1"}],"replies":[{"embeddable":true,"href":"https:\/\/trbutiken.se\/index.php?rest_route=%2Fwp%2Fv2%2Fcomments&post=22"}],"version-history":[{"count":10,"href":"https:\/\/trbutiken.se\/index.php?rest_route=\/wp\/v2\/pages\/22\/revisions"}],"predecessor-version":[{"id":210,"href":"https:\/\/trbutiken.se\/index.php?rest_route=\/wp\/v2\/pages\/22\/revisions\/210"}],"wp:featuredmedia":[{"embeddable":true,"href":"https:\/\/trbutiken.se\/index.php?rest_route=\/wp\/v2\/media\/10"}],"wp:attachment":[{"href":"https:\/\/trbutiken.se\/index.php?rest_route=%2Fwp%2Fv2%2Fmedia&parent=22"}],"curies":[{"name":"wp","href":"https:\/\/api.w.org\/{rel}","templated":true}]}}