{"id":24,"date":"2017-03-30T19:44:02","date_gmt":"2017-03-30T19:44:02","guid":{"rendered":"http:\/\/trbutiken.se\/?page_id=24"},"modified":"2023-04-24T14:05:50","modified_gmt":"2023-04-24T14:05:50","slug":"master","status":"publish","type":"page","link":"https:\/\/trbutiken.se\/?page_id=24","title":{"rendered":"Master fitness"},"content":{"rendered":"<div data-html-editor-font-wrapper=\"true\">\n<div>\n<div>\n<div>\n<div>\n<div>\n<div style=\"font-size: 13px; font-family: arial, sans-serif;\">Vi \u00e4r \u00e5terf\u00f6rs\u00e4ljare f\u00f6r Master fitness tr\u00e4ningsutrustning som \u00e4r mycket prisv\u00e4rd utrustning f\u00f6r b\u00e5de styrka och motion f\u00f6r f\u00f6retag och f\u00f6reningar. Klicka g\u00e4rna in p\u00e5 masterfitness.se och se utbudet.<\/div>\n<\/div>\n<\/div>\n<\/div>\n<\/div>\n<\/div>\n<\/div>\n<p><img decoding=\"async\" loading=\"lazy\" class=\"alignnone wp-image-13 size-full\" src=\"https:\/\/trbutiken.se\/wp-content\/uploads\/2017\/03\/master1.jpg\" alt=\"\" width=\"225\" height=\"255\" \/><\/p>\n","protected":false},"excerpt":{"rendered":"<p>Vi \u00e4r \u00e5terf\u00f6rs\u00e4ljare f\u00f6r Master fitness tr\u00e4ningsutrustning som \u00e4r mycket prisv\u00e4rd utrustning f\u00f6r b\u00e5de styrka och motion f\u00f6r f\u00f6retag och f\u00f6reningar. Klicka g\u00e4rna in p\u00e5 masterfitness.se och se utbudet.<\/p>\n","protected":false},"author":1,"featured_media":0,"parent":0,"menu_order":0,"comment_status":"closed","ping_status":"closed","template":"","meta":[],"_links":{"self":[{"href":"https:\/\/trbutiken.se\/index.php?rest_route=\/wp\/v2\/pages\/24"}],"collection":[{"href":"https:\/\/trbutiken.se\/index.php?rest_route=\/wp\/v2\/pages"}],"about":[{"href":"https:\/\/trbutiken.se\/index.php?rest_route=\/wp\/v2\/types\/page"}],"author":[{"embeddable":true,"href":"https:\/\/trbutiken.se\/index.php?rest_route=\/wp\/v2\/users\/1"}],"replies":[{"embeddable":true,"href":"https:\/\/trbutiken.se\/index.php?rest_route=%2Fwp%2Fv2%2Fcomments&post=24"}],"version-history":[{"count":9,"href":"https:\/\/trbutiken.se\/index.php?rest_route=\/wp\/v2\/pages\/24\/revisions"}],"predecessor-version":[{"id":209,"href":"https:\/\/trbutiken.se\/index.php?rest_route=\/wp\/v2\/pages\/24\/revisions\/209"}],"wp:attachment":[{"href":"https:\/\/trbutiken.se\/index.php?rest_route=%2Fwp%2Fv2%2Fmedia&parent=24"}],"curies":[{"name":"wp","href":"https:\/\/api.w.org\/{rel}","templated":true}]}}