{"id":25,"date":"2017-03-30T19:44:02","date_gmt":"2017-03-30T19:44:02","guid":{"rendered":"http:\/\/trbutiken.se\/?page_id=25"},"modified":"2023-04-24T14:18:13","modified_gmt":"2023-04-24T14:18:13","slug":"hem","status":"publish","type":"page","link":"https:\/\/trbutiken.se\/","title":{"rendered":"Tr\u00e4ning &#038; Rehab Butiken"},"content":{"rendered":"<div data-html-editor-font-wrapper=\"true\">\n<div>\n<div>\n<div>\n<div>\n<div>\n<div style=\"font-size: 13px; font-family: arial, sans-serif;\">V\u00e4lkommen till Tr\u00e4ning &amp; Rehab Sverige AB<br \/>\nLeverant\u00f6r av tr\u00e4ningsutrustning av h\u00f6g kvalitet fr\u00e5n Master fitness och Gymleco. Utrustning som passar f\u00f6retag, f\u00f6reningar och privatkunder. Vi har \u00e4ven v\u00e5rat eget gym, V\u00e4nn\u00e4s Gym, men som oftast kallas f\u00f6r Tores Gym och \u00e4r ett sk nyckelgym.<\/div>\n<div style=\"font-size: 13px; font-family: arial, sans-serif;\"><img decoding=\"async\" loading=\"lazy\" class=\"alignnone size-medium wp-image-90\" src=\"\/wp-content\/uploads\/2017\/04\/G215-Fyrstation-300x300.png\" alt=\"\" width=\"300\" height=\"300\" srcset=\"https:\/\/trbutiken.se\/wp-content\/uploads\/2017\/04\/G215-Fyrstation-300x300.png 300w, https:\/\/trbutiken.se\/wp-content\/uploads\/2017\/04\/G215-Fyrstation-150x150.png 150w, https:\/\/trbutiken.se\/wp-content\/uploads\/2017\/04\/G215-Fyrstation-230x230.png 230w, https:\/\/trbutiken.se\/wp-content\/uploads\/2017\/04\/G215-Fyrstation-365x365.png 365w, https:\/\/trbutiken.se\/wp-content\/uploads\/2017\/04\/G215-Fyrstation.png 400w\" sizes=\"(max-width: 300px) 100vw, 300px\" \/><\/div>\n<\/div>\n<\/div>\n<\/div>\n<\/div>\n<\/div>\n<\/div>\n","protected":false},"excerpt":{"rendered":"<p>V\u00e4lkommen till Tr\u00e4ning &amp; Rehab Sverige AB Leverant\u00f6r av tr\u00e4ningsutrustning av h\u00f6g kvalitet fr\u00e5n Master fitness och Gymleco. Utrustning som passar f\u00f6retag, f\u00f6reningar och privatkunder. Vi har \u00e4ven v\u00e5rat eget gym, V\u00e4nn\u00e4s Gym, men som oftast kallas f\u00f6r Tores Gym<\/p>\n","protected":false},"author":1,"featured_media":0,"parent":0,"menu_order":0,"comment_status":"closed","ping_status":"closed","template":"","meta":[],"_links":{"self":[{"href":"https:\/\/trbutiken.se\/index.php?rest_route=\/wp\/v2\/pages\/25"}],"collection":[{"href":"https:\/\/trbutiken.se\/index.php?rest_route=\/wp\/v2\/pages"}],"about":[{"href":"https:\/\/trbutiken.se\/index.php?rest_route=\/wp\/v2\/types\/page"}],"author":[{"embeddable":true,"href":"https:\/\/trbutiken.se\/index.php?rest_route=\/wp\/v2\/users\/1"}],"replies":[{"embeddable":true,"href":"https:\/\/trbutiken.se\/index.php?rest_route=%2Fwp%2Fv2%2Fcomments&post=25"}],"version-history":[{"count":14,"href":"https:\/\/trbutiken.se\/index.php?rest_route=\/wp\/v2\/pages\/25\/revisions"}],"predecessor-version":[{"id":212,"href":"https:\/\/trbutiken.se\/index.php?rest_route=\/wp\/v2\/pages\/25\/revisions\/212"}],"wp:attachment":[{"href":"https:\/\/trbutiken.se\/index.php?rest_route=%2Fwp%2Fv2%2Fmedia&parent=25"}],"curies":[{"name":"wp","href":"https:\/\/api.w.org\/{rel}","templated":true}]}}